{"id":44,"date":"2020-04-27T20:47:09","date_gmt":"2020-04-27T18:47:09","guid":{"rendered":"http:\/\/scfe-neuesdenken.de\/wordpress\/?page_id=44"},"modified":"2020-04-27T21:24:23","modified_gmt":"2020-04-27T19:24:23","slug":"datenschutz","status":"publish","type":"page","link":"https:\/\/scfe-neuesdenken.de\/wordpress\/datenschutz\/","title":{"rendered":""},"content":{"rendered":"<p><img loading=\"lazy\" decoding=\"async\" class=\"size-full wp-image-81 aligncenter\" src=\"http:\/\/scfe-neuesdenken.de\/wordpress\/wp-content\/uploads\/2020\/04\/P1000269a-filtered.jpg\" alt=\"\" width=\"631\" height=\"301\" srcset=\"https:\/\/scfe-neuesdenken.de\/wordpress\/wp-content\/uploads\/2020\/04\/P1000269a-filtered.jpg 631w, https:\/\/scfe-neuesdenken.de\/wordpress\/wp-content\/uploads\/2020\/04\/P1000269a-filtered-300x143.jpg 300w\" sizes=\"(max-width: 631px) 100vw, 631px\" \/><\/p>\n<p class=\"paragraph_style\" style=\"text-align: center;\"><span style=\"color: #000000;\"><span style=\"font-size: xx-large;\">.datenschutz <\/span><\/span><\/p>\n<p style=\"text-align: center;\"><span style=\"color: #333399;\">grunds\u00e4tzlich verarbeite und speichere ich nur solche daten, die f\u00fcr die entstehung bzw. abwicklung des kundenverh\u00e4ltnisses notwendig sind oder die aufgrund anderer vorgaben gespeichert werden m\u00fcssen, etwa f\u00fcr die steuer\u00a0die daten werden auf einer durch password gesch\u00fctzten festplatte auf einem pc gesichert. zu diesem pc habe nur ich berechtigten zugriff.\u00a0<\/span><span style=\"color: #333399;\">auf meinem pc ist eine aktueller anti-virus-software installiert und der internetanschluss durch eine firewall gesch\u00fctzt. die sicherheit wird regelm\u00e4\u00dfig gepr\u00fcft und ggf. nachgebessert.<\/span><\/p>\n<p class=\"paragraph_style_2\" style=\"text-align: center;\"><strong><span style=\"color: #333399;\">datenschutzerkl\u00e4rung<\/span><\/strong><\/p>\n<p class=\"paragraph_style_4\" style=\"text-align: center;\"><span style=\"color: #333399;\"><span style=\"color: #ff0000;\">grundlegendes<\/span><br \/>\n<\/span><span style=\"color: #333399;\">diese datenschutzerkl\u00e4rung soll die nutzer dieser website \u00fcber die art, den umfang und den zweck der erhebung und verwendung personenbezogener daten durch den websitebetreiber sven christian finke-ennen informieren.<\/span><\/p>\n<p class=\"paragraph_style_5\" style=\"text-align: center;\"><span style=\"color: #333399;\">als websitebetreiber nehme ich den schutz ihrer daten sehr ernst und behandle ihre personenbezogenen daten vertraulich und entsprechend der gesetzlichen vorschriften.\u00a0<\/span><span style=\"color: #333399;\">da durch neue technologien und die st\u00e4ndige weiterentwicklung dieser webseite \u00e4nderungen an dieser datenschutzerkl\u00e4rung vorgenommen werden k\u00f6nnen, empfehle ich ihnen, sich die datenschutzerkl\u00e4rung in regelm\u00e4\u00dfigen abst\u00e4nden wieder durchzulesen.<\/span><\/p>\n<p class=\"paragraph_style_5\" style=\"text-align: center;\"><span style=\"color: #333399;\">definitionen der verwendeten begriffe (z.b. \u201cpersonenbezogene daten\u201d oder \u201cverarbeitung\u201d) finden sie in art. 4 dsgvo.<\/span><\/p>\n<p class=\"paragraph_style_4\" style=\"text-align: center;\"><span style=\"color: #ff0000;\">zugriffsdaten<br \/>\n<\/span><span style=\"color: #333399; font-size: 1.0625em;\">als betreiber dieser website erhebe\/speichere ich keine daten \u00fcber zugriffe auf die website.<\/span><\/p>\n<p class=\"paragraph_style_4\" style=\"text-align: center;\"><span style=\"color: #ff0000;\">reichweitenmessung &amp; cookies<br \/>\n<\/span><span style=\"color: #333399;\">diese website verwendet keine cookies zur pseudonymisierten reichweitenmessung. bei cookies handelt es sich um kleine dateien, die auf ihrem endger\u00e4t gespeichert werden. ihr browser greift auf diese dateien zu.<\/span><\/p>\n<p class=\"paragraph_style_4\" style=\"text-align: center;\"><span style=\"color: #ff0000;\">erfassung und verarbeitung personenbezogener daten<br \/>\n<\/span><span style=\"color: #333399;\">als websitebetreiber erhebe, nutze und gebe ihre personenbezogenen daten nur dann weiter, wenn dies im gesetzlichen rahmen erlaubt ist oder sie in die datenerhebung einwilligen.\u00a0<\/span><span style=\"color: #333399;\">als personenbezogene daten gelten s\u00e4mtliche informationen, welche dazu dienen, ihre person zu bestimmen und welche zu Ihnen zur\u00fcckverfolgt werden k\u00f6nnen \u2013 also beispielsweise ihr name, ihre e-mail-adresse und telefonnummer.<\/span><\/p>\n<p class=\"paragraph_style_5\" style=\"text-align: center;\"><span style=\"color: #333399;\">diese website k\u00f6nnen sie auch besuchen, ohne angaben zu ihrer person zu machen.<\/span><\/p>\n<p class=\"paragraph_style_7\" style=\"text-align: center;\"><span style=\"color: #ff0000;\">umgang mit kontaktdaten<br \/>\n<\/span><span style=\"color: #333399;\">nehmen sie mit mir als websitebetreiber durch die angebotenen kontaktm\u00f6glichkeiten verbindung auf, werden ihre angaben gespeichert, damit ich auf diese zur bearbeitung und beantwortung ihrer anfrage zur\u00fcckgreifen kann. ohne ihre einwilligung werden diese daten nicht an dritte weitergegeben.<\/span><\/p>\n<p class=\"paragraph_style_7\" style=\"text-align: center;\"><span style=\"color: #ff0000;\">umgang mit kommentaren und beitr\u00e4gen<br \/>\n<\/span><span style=\"color: #333399;\">auf dieser website ist derzeit das hinterlassen von beitr\u00e4gen oder kommentaren nicht vorgesehen.,<\/span><\/p>\n<p class=\"paragraph_style_7\" style=\"text-align: center;\"><span style=\"color: #333399;\"><span style=\"color: #ff0000;\">google analytics<\/span><br \/>\n<\/span><span style=\"color: #333399; font-size: 1.0625em;\">diese website nutzt den dienst \u201egoogle analytics\u201c nicht.<\/span><\/p>\n<p style=\"text-align: center;\"><span style=\"color: #333399; font-size: 1.0625em;\"><span style=\"color: #ff0000;\">nutzung von social-media-plugins von facebook<\/span><br \/>\n<\/span><span style=\"color: #333399; font-size: 1.0625em;\">diese website verwendet kein facebook-social-plugin, welches von der facebook inc. (1 hacker way, menlo park, california 94025, usa) betrieben wird. erkennbar sind die einbindungen an dem facebook-logo bzw. an den begriffen \u201elike\u201c, \u201egef\u00e4llt mir\u201c, \u201eteilen\u201c in den farben facebooks (blau und wei\u00df).<\/span><\/p>\n<p class=\"paragraph_style_7\" style=\"text-align: center;\"><span style=\"color: #333399;\"><span style=\"color: #ff0000;\">newsletter-abonnement<\/span><br \/>\n<\/span><span style=\"color: #333399; font-size: 1.0625em;\">als websitebetreiber biete ich ihnen einen newsletter an, in welchem ich sie \u00fcber aktuelle geschehnisse und angebote informiere. m\u00f6chten sie den newsletter abonnieren, m\u00fcssen sie eine valide e-mail-adresse angeben. wenn sie den newsletter abonnieren, erkl\u00e4ren sie sich mit dem newsletter-empfang und den erl\u00e4uterten verfahren einverstanden.<br \/>\n<\/span><span style=\"color: #333399;\">der newsletterversand erfolgt direkt durch den websitebetreiber. es gibt maximal vier newsletter pro kalenderjahr.<br \/>\n<\/span><span style=\"color: #333399;\">der newsletter ist werbefrei und enth\u00e4lt ausschlie\u00dflich aktuelle informationen zu den angeboten des websitebetreibers.\u00a0<\/span><span style=\"color: #333399;\">widerruf und k\u00fcndigung: ihre einwilligung zum erhalt des newsletter k\u00f6nnen sie jederzeit widerrufen und somit das newsletter-abonnement k\u00fcndigen. nach ihrer k\u00fcndigung erfolgt die l\u00f6schung ihrer personenbezogenen daten. ihre einwilligung in den newsletterversand erlischt gleichzeitig. am ende jedes newsletters finden sie den link zur k\u00fcndigung.<\/span><\/p>\n<p class=\"paragraph_style_7\" style=\"text-align: center;\"><span style=\"color: #ff0000;\">rechte des nutzers<br \/>\n<\/span><span style=\"color: #333399;\">sie haben als nutzer das recht, auf antrag eine kostenlose auskunft dar\u00fcber zu erhalten, welche personenbezogenen daten \u00fcber sie gespeichert wurden. sie haben au\u00dferdem das recht auf berichtigung falscher daten und auf die verarbeitungseinschr\u00e4nkung oder l\u00f6schung ihrer personenbezogenen daten. falls zutreffend, k\u00f6nnen Sie auch ihr recht auf datenportabilit\u00e4t geltend machen. sollten sie annehmen, dass ihre daten unrechtm\u00e4\u00dfig verarbeitet wurden, k\u00f6nnen sie eine beschwerde bei der zust\u00e4ndigen aufsichtsbeh\u00f6rde einreichen.<\/span><\/p>\n<p class=\"paragraph_style_10\" style=\"text-align: center;\"><span style=\"color: #ff0000;\">l\u00f6schung von daten<br \/>\n<\/span><span style=\"color: #333399;\">sofern ihr wunsch nicht mit einer gesetzlichen pflicht zur aufbewahrung von daten (z.b. vorratsdatenspeicherung) kollidiert, haben sie ein anrecht auf l\u00f6schung ihrer daten. von mir gespeicherte daten werden, sollten sie f\u00fcr ihre zweckbestimmung nicht mehr vonn\u00f6ten sein und es keine gesetzlichen aufbewahrungsfristen geben, gel\u00f6scht. falls eine l\u00f6schung nicht durchgef\u00fchrt werden kann, da die daten f\u00fcr zul\u00e4ssige gesetzliche zwecke erforderlich sind, erfolgt eine einschr\u00e4nkung der datenverarbeitung. In diesem fall werden die daten gesperrt und nicht f\u00fcr andere zwecke verarbeitet.<\/span><\/p>\n<p class=\"paragraph_style_10\" style=\"text-align: center;\"><span style=\"color: #ff0000;\">widerspruchsrecht<br \/>\n<\/span><span style=\"color: #333399;\">nutzer dieser webseite k\u00f6nnen von ihrem widerspruchsrecht gebrauch machen und der verarbeitung ihrer personenbezogenen daten zu jeder zeit widersprechen.<\/span><\/p>\n<p class=\"paragraph_style_8\" style=\"text-align: center;\"><span style=\"color: #333399;\">wenn sie eine berichtigung, sperrung, l\u00f6schung oder auskunft \u00fcber die zu ihrer person gespeicherten personenbezogenen daten w\u00fcnschen oder fragen bzgl. der erhebung, verarbeitung oder verwendung ihrer personenbezogenen daten haben oder erteilte einwilligungen widerrufen m\u00f6chten, wenden sie sich bitte an folgende e-mail-adresse: info\u2264at&gt;scfe-neuesdenken.de<\/span><\/p>\n<p>&nbsp;<\/p>\n","protected":false},"excerpt":{"rendered":"<p>.datenschutz grunds\u00e4tzlich verarbeite und speichere ich nur solche daten, die f\u00fcr die entstehung bzw. abwicklung des kundenverh\u00e4ltnisses notwendig sind oder die aufgrund anderer vorgaben gespeichert&#8230;<\/p>\n<div class=\"more-link-wrapper\"><a class=\"more-link\" href=\"https:\/\/scfe-neuesdenken.de\/wordpress\/datenschutz\/\">mehr<span class=\"screen-reader-text\"><\/span><\/a><\/div>\n","protected":false},"author":1,"featured_media":0,"parent":0,"menu_order":0,"comment_status":"closed","ping_status":"closed","template":"","meta":{"footnotes":""},"class_list":["post-44","page","type-page","status-publish","hentry","entry"],"_links":{"self":[{"href":"https:\/\/scfe-neuesdenken.de\/wordpress\/wp-json\/wp\/v2\/pages\/44"}],"collection":[{"href":"https:\/\/scfe-neuesdenken.de\/wordpress\/wp-json\/wp\/v2\/pages"}],"about":[{"href":"https:\/\/scfe-neuesdenken.de\/wordpress\/wp-json\/wp\/v2\/types\/page"}],"author":[{"embeddable":true,"href":"https:\/\/scfe-neuesdenken.de\/wordpress\/wp-json\/wp\/v2\/users\/1"}],"replies":[{"embeddable":true,"href":"https:\/\/scfe-neuesdenken.de\/wordpress\/wp-json\/wp\/v2\/comments?post=44"}],"version-history":[{"count":4,"href":"https:\/\/scfe-neuesdenken.de\/wordpress\/wp-json\/wp\/v2\/pages\/44\/revisions"}],"predecessor-version":[{"id":103,"href":"https:\/\/scfe-neuesdenken.de\/wordpress\/wp-json\/wp\/v2\/pages\/44\/revisions\/103"}],"wp:attachment":[{"href":"https:\/\/scfe-neuesdenken.de\/wordpress\/wp-json\/wp\/v2\/media?parent=44"}],"curies":[{"name":"wp","href":"https:\/\/api.w.org\/{rel}","templated":true}]}}