{"id":41,"date":"2020-04-27T20:29:11","date_gmt":"2020-04-27T18:29:11","guid":{"rendered":"http:\/\/scfe-neuesdenken.de\/wordpress\/?page_id=41"},"modified":"2020-04-29T10:46:42","modified_gmt":"2020-04-29T08:46:42","slug":"moderation","status":"publish","type":"page","link":"https:\/\/scfe-neuesdenken.de\/wordpress\/moderation\/","title":{"rendered":""},"content":{"rendered":"<p><img loading=\"lazy\" decoding=\"async\" class=\"wp-image-87 size-full aligncenter\" src=\"http:\/\/scfe-neuesdenken.de\/wordpress\/wp-content\/uploads\/2020\/04\/shapeimage_2-5.png\" alt=\"\" width=\"630\" height=\"293\" srcset=\"https:\/\/scfe-neuesdenken.de\/wordpress\/wp-content\/uploads\/2020\/04\/shapeimage_2-5.png 630w, https:\/\/scfe-neuesdenken.de\/wordpress\/wp-content\/uploads\/2020\/04\/shapeimage_2-5-300x140.png 300w\" sizes=\"(max-width: 630px) 100vw, 630px\" \/><\/p>\n<p class=\"paragraph_style\" style=\"text-align: center;\"><span style=\"color: #000000;\"><span style=\"font-size: xx-large;\"> .moderation<\/span><\/span><\/p>\n<p class=\"paragraph_style_2\" style=\"text-align: center;\"><span style=\"color: #333399;\"><br \/>\nals moderator unterst\u00fctze ich sie und ihr team gerne dabei, sich ganz auf inhalte konzentrieren und dabei ihre ressourcen optimal einsetzen k\u00f6nnen. mit den in der situation ad\u00e4quaten moderationsmethoden, arbeits- und darstellungstechniken begleite ich sie auf dem weg zur l\u00f6sung.<\/span><\/p>\n<p class=\"paragraph_style_2\" style=\"text-align: center;\"><span style=\"color: #333399;\">dabei habe ich die teamdynamik im blick, damit sie den blick frei haben f\u00fcr ihre ideen und l\u00f6sungsoptionen.<\/span><\/p>\n<p class=\"paragraph_style_2\" style=\"text-align: center;\"><span style=\"color: #333399;\">und sollten sie das gef\u00fchl haben, mit ihrem team auf der stelle zu treten, k\u00f6nnen wir mit erprobten kreativen methoden den blickwinkel ver\u00e4ndern, die sicht weiten und so zu ganz neuen l\u00f6sungsans\u00e4tzen gelangen.<\/span><br \/>\n<span style=\"color: #333399;\">ob zukunftswerkstatt oder open space &#8211; sie werden \u00fcberrascht sein, wie sie in entspannter kreativer atmosph\u00e4re vieles neu und anders deneken k\u00f6nnen &#8211; und welche dynamik derartige prozesse in ihrem team freisetzen. <\/span><\/p>\n<p class=\"paragraph_style_2\" style=\"text-align: center;\"><span style=\"color: #333399;\">auf wunsch kann dabei auch die entwicklung des teams und die reflexion der arbeitsweise in den fokus genommen werden. ma\u00dfnahmen zur teambildung oder zur herstellung bzw. steigerung der arbeitsf\u00e4higkeit ihres teams k\u00f6nnen wir individuell abstimmen.<\/span><\/p>\n<p class=\"paragraph_style_2\" style=\"text-align: center;\"><span style=\"color: #333399;\">sie arbeiten mit ihrem team &#8211; ich trage daf\u00fcr sorge, dass sie dies in bestm\u00f6glicher atmosph\u00e4re und effizient tun k\u00f6nnen: ganz entspannt, zielorientiert und erfolgreich.<\/span><\/p>\n<p>&nbsp;<\/p>\n<p class=\"paragraph_style_4\" style=\"text-align: center;\"><span style=\"color: #808080;\"><em>wahre worte sind nicht sch\u00f6n,<\/em><\/span><br \/>\n<span style=\"color: #808080;\"><em>sch\u00f6ne worte sind nicht wahr.<\/em><\/span><br \/>\n<span style=\"color: #808080;\"><em>Lao-Tse<\/em><\/span><\/p>\n","protected":false},"excerpt":{"rendered":"<p>.moderation als moderator unterst\u00fctze ich sie und ihr team gerne dabei, sich ganz auf inhalte konzentrieren und dabei ihre ressourcen optimal einsetzen k\u00f6nnen. mit den&#8230;<\/p>\n<div class=\"more-link-wrapper\"><a class=\"more-link\" href=\"https:\/\/scfe-neuesdenken.de\/wordpress\/moderation\/\">mehr<span class=\"screen-reader-text\"><\/span><\/a><\/div>\n","protected":false},"author":1,"featured_media":0,"parent":0,"menu_order":0,"comment_status":"closed","ping_status":"closed","template":"","meta":{"footnotes":""},"class_list":["post-41","page","type-page","status-publish","hentry","entry"],"_links":{"self":[{"href":"https:\/\/scfe-neuesdenken.de\/wordpress\/wp-json\/wp\/v2\/pages\/41"}],"collection":[{"href":"https:\/\/scfe-neuesdenken.de\/wordpress\/wp-json\/wp\/v2\/pages"}],"about":[{"href":"https:\/\/scfe-neuesdenken.de\/wordpress\/wp-json\/wp\/v2\/types\/page"}],"author":[{"embeddable":true,"href":"https:\/\/scfe-neuesdenken.de\/wordpress\/wp-json\/wp\/v2\/users\/1"}],"replies":[{"embeddable":true,"href":"https:\/\/scfe-neuesdenken.de\/wordpress\/wp-json\/wp\/v2\/comments?post=41"}],"version-history":[{"count":8,"href":"https:\/\/scfe-neuesdenken.de\/wordpress\/wp-json\/wp\/v2\/pages\/41\/revisions"}],"predecessor-version":[{"id":123,"href":"https:\/\/scfe-neuesdenken.de\/wordpress\/wp-json\/wp\/v2\/pages\/41\/revisions\/123"}],"wp:attachment":[{"href":"https:\/\/scfe-neuesdenken.de\/wordpress\/wp-json\/wp\/v2\/media?parent=41"}],"curies":[{"name":"wp","href":"https:\/\/api.w.org\/{rel}","templated":true}]}}