{"id":34,"date":"2020-04-27T20:24:23","date_gmt":"2020-04-27T18:24:23","guid":{"rendered":"http:\/\/scfe-neuesdenken.de\/wordpress\/?page_id=34"},"modified":"2020-04-27T21:17:25","modified_gmt":"2020-04-27T19:17:25","slug":"coaching","status":"publish","type":"page","link":"https:\/\/scfe-neuesdenken.de\/wordpress\/coaching\/","title":{"rendered":""},"content":{"rendered":"<h1><\/h1>\n<p><img loading=\"lazy\" decoding=\"async\" class=\"size-full wp-image-83 aligncenter\" src=\"http:\/\/scfe-neuesdenken.de\/wordpress\/wp-content\/uploads\/2020\/04\/shapeimage_2-1.png\" alt=\"\" width=\"630\" height=\"293\" srcset=\"https:\/\/scfe-neuesdenken.de\/wordpress\/wp-content\/uploads\/2020\/04\/shapeimage_2-1.png 630w, https:\/\/scfe-neuesdenken.de\/wordpress\/wp-content\/uploads\/2020\/04\/shapeimage_2-1-300x140.png 300w\" sizes=\"(max-width: 630px) 100vw, 630px\" \/><\/p>\n<p class=\"paragraph_style\" style=\"text-align: center;\"><span style=\"color: #000000;\"><span style=\"font-size: xx-large;\"> .coaching <\/span><\/span><\/p>\n<p class=\"paragraph_style\" style=\"text-align: center;\"><span style=\"color: #333399;\"><br \/>\ncoaching verstehe ich als eine individuelle form der unterst\u00fctzung, um ihnen eine\u00a0schnelle und\/oder bessere pers\u00f6nliche, berufliche oder betriebliche entwicklung zu erm\u00f6glichen.<\/span><\/p>\n<p class=\"paragraph_style_3\" style=\"text-align: center;\"><span style=\"color: #333399;\">auf der basis einer durch gegenseitige akzeptanz und vertrauen getragenen beratungsbeziehung begleite ich sie bei der bew\u00e4ltigung ihrer individuellen herausforderungen mit dem ziel, dass Sie zufriedener und erfolgreicher werden. dabei folge ich dem ansatz eines ganzheitlichen, systemischen und l\u00f6sungsorientierten coachings.<\/span><\/p>\n<p class=\"paragraph_style_2\" style=\"text-align: center;\"><span style=\"color: #333399;\">coaching hilft ihnen zu erkennen, sich zu orientieren und selbst zu\u00a0lernen. zentrales werkzeug im coaching-prozess ist u.a. die wohlgeformte frage. aus ihren antworten entstehen f\u00fcr sie erkenntnisse, die h\u00e4ufig ver\u00e4nderungen einleiten und unterst\u00fctzen.<\/span><\/p>\n<p class=\"paragraph_style_2\" style=\"text-align: center;\"><span style=\"color: #333399;\">der unterschied zu einer klassischen beratung (z.b. unternehmensberatung) besteht darin, dass sie w\u00e4hrend einer sitzung von mir keine ratschl\u00e4ge bekommen werden. die verantwortung f\u00fcr sich selbst bleibt bei ihnen. als coach zeichne ich f\u00fcr den prozess verantwortlich und verdeutliche ihnen ursachen- und wirkungszusammenh\u00e4nge. ich arbeite dabei mit einer vielzahl anerkannter interventionsverfahren und methoden, die ich je nach situation und absprache individuell variieren und einsetzen kann.<\/span><\/p>\n<p class=\"paragraph_style_3\" style=\"text-align: center;\"><span style=\"color: #333399;\">so kann coaching eine erstaunliche hilfe sein, die bereits in relativ kurzer zeit bei ihnen potentiale freisetzt, damit sie ihre anliegen kl\u00e4ren und ihre eigenen abl\u00e4ufe optimieren k\u00f6nnen. als coach unterst\u00fctze ich sie dabei, zu fokkussieren und genauer wahrzunehmen. aus dem neu gewonnenen verst\u00e4ndnis heraus sehen sie wieder &#8222;klarer&#8220; und finden die f\u00fcr sie passenden wege und l\u00f6sungen selbst.<\/span><\/p>\n<p class=\"paragraph_style_3\" style=\"text-align: center;\"><span style=\"color: #333399;\">als systemischer business-coach unterst\u00fctze ich Sie dabei, ihre pers\u00f6nlichen f\u00e4higkeiten und st\u00e4rken zu erkennen und zu entwickeln, sich selbst, ihr team oder ihre mitarbeiter_innen zu motivieren und ihre leistungsf\u00e4higkeit zu f\u00f6rdern. daf\u00fcr bringe ich die f\u00fcr ein erfolgreiches business-coaching notwendige fachlich betriebswirtschaftliche kompetenz mit. die anforderungen an eine f\u00fchrungskraft sind mir vertraut und ich unterst\u00fctze Sie in den bereichen der mitarbeiter_innenf\u00fchrung, der gespr\u00e4chsf\u00fchrung, des konfliktmanagements und der prozessoptimierung.<br \/>\n<\/span><span style=\"color: #333399;\">der coaching-prozess ist damit eng an ihre arbeitswelt gekoppelt.<br \/>\n<\/span><\/p>\n<p>&nbsp;<\/p>\n<p class=\"paragraph_style_3\" style=\"text-align: center;\"><span style=\"color: #808080;\"><em><span class=\"style_1\">das eine ist in allem, und alles ist eins.<br \/>\n<\/span><span class=\"style_1\">wenn du nur das verstehst, machst du dir keine sorgen mehr dar\u00fcber,<br \/>\n<\/span><\/em><\/span><span class=\"style_1\"><span style=\"color: #808080;\"><em>dass du nicht vollkommen bist.<\/em><\/span><br \/>\n<span style=\"color: #808080;\"><em>Sosan<\/em><\/span><br \/>\n<\/span><\/p>\n","protected":false},"excerpt":{"rendered":"<p>.coaching coaching verstehe ich als eine individuelle form der unterst\u00fctzung, um ihnen eine\u00a0schnelle und\/oder bessere pers\u00f6nliche, berufliche oder betriebliche entwicklung zu erm\u00f6glichen. auf der basis&#8230;<\/p>\n<div class=\"more-link-wrapper\"><a class=\"more-link\" href=\"https:\/\/scfe-neuesdenken.de\/wordpress\/coaching\/\">mehr<span class=\"screen-reader-text\"><\/span><\/a><\/div>\n","protected":false},"author":1,"featured_media":0,"parent":0,"menu_order":0,"comment_status":"closed","ping_status":"closed","template":"","meta":{"footnotes":""},"class_list":["post-34","page","type-page","status-publish","hentry","entry"],"_links":{"self":[{"href":"https:\/\/scfe-neuesdenken.de\/wordpress\/wp-json\/wp\/v2\/pages\/34"}],"collection":[{"href":"https:\/\/scfe-neuesdenken.de\/wordpress\/wp-json\/wp\/v2\/pages"}],"about":[{"href":"https:\/\/scfe-neuesdenken.de\/wordpress\/wp-json\/wp\/v2\/types\/page"}],"author":[{"embeddable":true,"href":"https:\/\/scfe-neuesdenken.de\/wordpress\/wp-json\/wp\/v2\/users\/1"}],"replies":[{"embeddable":true,"href":"https:\/\/scfe-neuesdenken.de\/wordpress\/wp-json\/wp\/v2\/comments?post=34"}],"version-history":[{"count":5,"href":"https:\/\/scfe-neuesdenken.de\/wordpress\/wp-json\/wp\/v2\/pages\/34\/revisions"}],"predecessor-version":[{"id":96,"href":"https:\/\/scfe-neuesdenken.de\/wordpress\/wp-json\/wp\/v2\/pages\/34\/revisions\/96"}],"wp:attachment":[{"href":"https:\/\/scfe-neuesdenken.de\/wordpress\/wp-json\/wp\/v2\/media?parent=34"}],"curies":[{"name":"wp","href":"https:\/\/api.w.org\/{rel}","templated":true}]}}