{"id":30,"date":"2020-04-27T20:20:04","date_gmt":"2020-04-27T18:20:04","guid":{"rendered":"http:\/\/scfe-neuesdenken.de\/wordpress\/?page_id=30"},"modified":"2020-04-27T21:29:40","modified_gmt":"2020-04-27T19:29:40","slug":"angebote","status":"publish","type":"page","link":"https:\/\/scfe-neuesdenken.de\/wordpress\/angebote\/","title":{"rendered":""},"content":{"rendered":"<p><img loading=\"lazy\" decoding=\"async\" class=\"size-full wp-image-88 aligncenter\" src=\"http:\/\/scfe-neuesdenken.de\/wordpress\/wp-content\/uploads\/2020\/04\/shapeimage_2.png\" alt=\"\" width=\"630\" height=\"293\" srcset=\"https:\/\/scfe-neuesdenken.de\/wordpress\/wp-content\/uploads\/2020\/04\/shapeimage_2.png 630w, https:\/\/scfe-neuesdenken.de\/wordpress\/wp-content\/uploads\/2020\/04\/shapeimage_2-300x140.png 300w\" sizes=\"(max-width: 630px) 100vw, 630px\" \/><\/p>\n<p class=\"paragraph_style\" style=\"text-align: center;\"><span style=\"color: #000000;\"><span style=\"font-size: xx-large;\">.angebote <\/span><\/span><\/p>\n<p class=\"paragraph_style\" style=\"text-align: center;\"><span style=\"color: #ff0000;\">coaching<\/span><br \/>\n<span style=\"color: #333399;\">im beruflichen oder privaten kontext: von der systemischen analyse der ausgangssituation bis zur entwicklung von l\u00f6sungen und individuellen handlungsstrategien: klarheit schaffen, sicherheit gewinnen, erfolge erzielen!<\/span><\/p>\n<p class=\"paragraph_style\" style=\"text-align: center;\"><span style=\"color: #ff0000;\">entspannung<br \/>\n<\/span><span style=\"color: #333399;\">innere balance herstellen, kraft gewinnen und das wohlbefinden erh\u00f6hen durch hypnotherapeutische verfahren, autogenes training, progressive muskelentspannung, atemtraining, fantasiereisen, yoga, qigong und meditation.<\/span><\/p>\n<p class=\"paragraph_style\" style=\"text-align: center;\"><span style=\"color: #ff0000;\">beratung<\/span><br \/>\n<span style=\"color: #333399;\">im rahmen des betrieblichen gesundheitsmanagements: strategien entwickeln und im unternehmen implementieren, um mit erh\u00f6hten belastungen umzugehen, das wohlbefinden und die leistungsf\u00e4higkeit zu st\u00e4rken.<\/span><\/p>\n<p class=\"paragraph_style\" style=\"text-align: center;\"><span style=\"color: #ff0000;\">moderation<\/span><br \/>\n<span style=\"color: #333399;\">effektive meinungs- und willensbildung in meetings, workshops, projekten, gruppen- und einzelgespr\u00e4chen durch begleitung und steuerung von sachlichen sowie emotionalen prozessen der gruppe; inklusive ergebnissicherung und dokumentation.<\/span><\/p>\n<p class=\"paragraph_style\" style=\"text-align: center;\"><span style=\"color: #ff0000;\">kreative methoden<\/span><br \/>\n<span style=\"color: #333399;\">zukunftswerkstatt, world caf\u00e9, open space und weitere methoden: neue wege gehen, zu innovativen l\u00f6sungen finden!<\/span><\/p>\n<p>&nbsp;<\/p>\n<p class=\"paragraph_style_4\" style=\"text-align: center;\"><span style=\"color: #808080;\"><em>man weiss nie, was daraus wird, wenn die dinge ver\u00e4ndert werden.<\/em><\/span><br \/>\n<em><span style=\"color: #808080;\">aber wei\u00df man denn, was daraus wird, wenn sie nicht ver\u00e4ndert werden?<\/span><br \/>\n<span style=\"color: #808080;\">Elias Canetti<\/span><br \/>\n<\/em><\/p>\n<p class=\"paragraph_style_4\" style=\"text-align: center;\">\n","protected":false},"excerpt":{"rendered":"<p>.angebote coaching im beruflichen oder privaten kontext: von der systemischen analyse der ausgangssituation bis zur entwicklung von l\u00f6sungen und individuellen handlungsstrategien: klarheit schaffen, sicherheit gewinnen,&#8230;<\/p>\n<div class=\"more-link-wrapper\"><a class=\"more-link\" href=\"https:\/\/scfe-neuesdenken.de\/wordpress\/angebote\/\">mehr<span class=\"screen-reader-text\"><\/span><\/a><\/div>\n","protected":false},"author":1,"featured_media":0,"parent":0,"menu_order":0,"comment_status":"closed","ping_status":"closed","template":"","meta":{"footnotes":""},"class_list":["post-30","page","type-page","status-publish","hentry","entry"],"_links":{"self":[{"href":"https:\/\/scfe-neuesdenken.de\/wordpress\/wp-json\/wp\/v2\/pages\/30"}],"collection":[{"href":"https:\/\/scfe-neuesdenken.de\/wordpress\/wp-json\/wp\/v2\/pages"}],"about":[{"href":"https:\/\/scfe-neuesdenken.de\/wordpress\/wp-json\/wp\/v2\/types\/page"}],"author":[{"embeddable":true,"href":"https:\/\/scfe-neuesdenken.de\/wordpress\/wp-json\/wp\/v2\/users\/1"}],"replies":[{"embeddable":true,"href":"https:\/\/scfe-neuesdenken.de\/wordpress\/wp-json\/wp\/v2\/comments?post=30"}],"version-history":[{"count":13,"href":"https:\/\/scfe-neuesdenken.de\/wordpress\/wp-json\/wp\/v2\/pages\/30\/revisions"}],"predecessor-version":[{"id":109,"href":"https:\/\/scfe-neuesdenken.de\/wordpress\/wp-json\/wp\/v2\/pages\/30\/revisions\/109"}],"wp:attachment":[{"href":"https:\/\/scfe-neuesdenken.de\/wordpress\/wp-json\/wp\/v2\/media?parent=30"}],"curies":[{"name":"wp","href":"https:\/\/api.w.org\/{rel}","templated":true}]}}